{"id":2490,"date":"2026-04-04T06:16:28","date_gmt":"2026-04-04T06:16:28","guid":{"rendered":"https:\/\/onlinemerch.shop\/?post_type=product&#038;p=2490"},"modified":"2026-04-04T06:22:33","modified_gmt":"2026-04-04T06:22:33","slug":"bsmoom-arrancador-de-bateria-de-coche-de-12v-paquete-de-refuerzo-de-bateria-automatico-de-pico-de-6000a-banco-de-energia-caja-de-salto-con-luz-led-pantalla-lcd","status":"publish","type":"product","link":"https:\/\/onlinemerch.shop\/es\/producto\/bsmoom-arrancador-de-bateria-de-coche-de-12v-paquete-de-refuerzo-de-bateria-automatico-de-pico-de-6000a-banco-de-energia-caja-de-salto-con-luz-led-pantalla-lcd\/","title":{"rendered":"BSMOOM Arrancador de bater\u00eda de coche de 12V, paquete de refuerzo de bater\u00eda autom\u00e1tico de pico de 6000A, Banco de energ\u00eda, caja de salto, Con luz LED, pantalla LCD"},"content":{"rendered":"<div data-elementor-type=\"product-post\" data-elementor-id=\"2490\" class=\"elementor elementor-2490\" data-elementor-post-type=\"product\">\n\t\t\t\t<div class=\"elementor-element elementor-element-1a7d958e e-flex e-con-boxed e-con e-parent\" data-id=\"1a7d958e\" data-element_type=\"container\" data-settings=\"{&quot;ekit_has_onepagescroll_dot&quot;:&quot;yes&quot;}\">\n\t\t\t\t\t<div class=\"e-con-inner\">\n\t\t<div class=\"elementor-element elementor-element-74b9e724 e-grid e-con-full e-con e-child\" data-id=\"74b9e724\" data-element_type=\"container\" data-settings=\"{&quot;ekit_has_onepagescroll_dot&quot;:&quot;yes&quot;}\">\n\t\t\t\t<div class=\"elementor-element elementor-element-1d5738dc elementor-widget elementor-widget-video\" data-id=\"1d5738dc\" data-element_type=\"widget\" data-settings=\"{&quot;video_type&quot;:&quot;hosted&quot;,&quot;controls&quot;:&quot;yes&quot;,&quot;ekit_we_effect_on&quot;:&quot;none&quot;}\" data-widget_type=\"video.default\">\n\t\t\t\t<div class=\"elementor-widget-container\">\n\t\t\t\t\t\t\t<div class=\"e-hosted-video elementor-wrapper elementor-open-inline\">\n\t\t\t\t\t<video class=\"elementor-video\" src=\"https:\/\/onlinemerch.shop\/wp-content\/uploads\/2026\/04\/video_2026-04-04_10-22-52.mp4\" controls=\"\" preload=\"metadata\" controlslist=\"nodownload\"><\/video>\n\t\t\t\t<\/div>\n\t\t\t\t\t\t<\/div>\n\t\t\t\t<\/div>\n\t\t\t\t<div class=\"elementor-element elementor-element-40a0311f elementor-widget elementor-widget-text-editor\" data-id=\"40a0311f\" data-element_type=\"widget\" data-settings=\"{&quot;ekit_we_effect_on&quot;:&quot;none&quot;}\" data-widget_type=\"text-editor.default\">\n\t\t\t\t<div class=\"elementor-widget-container\">\n\t\t\t\t\t\t\t\t\t<!DOCTYPE html>\n<html lang=\"en\">\n<head>\n<meta charset=\"UTF-8\">\n<meta name=\"viewport\" content=\"width=device-width, initial-scale=1.0\">\n<title>Product Details<\/title>\n<style>\n  * {\n    margin: 0;\n    padding: 0;\n    box-sizing: border-box;\n  }\n  body {\n    background: transparent;\n    font-family: 'Inter', 'Segoe UI', system-ui, sans-serif;\n  }\n  .spec-table {\n    width: 100%;\n    border-collapse: collapse;\n    font-size: 14px;\n    line-height: 1.8;\n  }\n  .spec-table tr {\n    border-bottom: 1px solid #e6eef7;\n  }\n  .spec-table td:nth-child(1),\n  .spec-table td:nth-child(3) {\n    width: 20%;\n    font-weight: 500;\n    color: #2d70b3;\n    background: #f5f9ff;\n    padding: 12px 14px;\n    text-align: left;\n    vertical-align: top;\n  }\n  .spec-table td:nth-child(2),\n  .spec-table td:nth-child(4) {\n    width: 30%;\n    color: #333;\n    background: #fff;\n    padding: 12px 14px;\n    text-align: left;\n    vertical-align: top;\n  }\n<\/style>\n<\/head>\n<body>\n\n<table class=\"spec-table\">\n  <tr>\n    <td>Marca<\/td>\n    <td>BSMOOM<\/td>\n    <td>Tensi\u00f3n<\/td>\n    <td>12V<\/td>\n  <\/tr>\n  <tr>\n    <td>Corriente de pico<\/td>\n    <td>6000A<\/td>\n    <td>Funci\u00f3n<\/td>\n    <td>Arrancador de coche<\/td>\n  <\/tr>\n  <tr>\n    <td>Funci\u00f3n adicional<\/td>\n    <td>Banco de energ\u00eda<\/td>\n    <td>Luz<\/td>\n    <td>Luz LED<\/td>\n  <\/tr>\n  <tr>\n    <td>Mostrar<\/td>\n    <td>Pantalla LCD<\/td>\n    <td>Utilizaci\u00f3n<\/td>\n    <td>Refuerzo de bater\u00eda para autom\u00f3viles<\/td>\n  <\/tr>\n<\/table>\n\n<\/body>\n<\/html>\t\t\t\t\t\t\t\t<\/div>\n\t\t\t\t<\/div>\n\t\t\t\t<\/div>\n\t\t\t\t\t<\/div>\n\t\t\t\t<\/div>\n\t\t<div class=\"elementor-element elementor-element-40fa3186 e-flex e-con-boxed e-con e-parent\" data-id=\"40fa3186\" data-element_type=\"container\" data-settings=\"{&quot;ekit_has_onepagescroll_dot&quot;:&quot;yes&quot;}\">\n\t\t\t\t\t<div class=\"e-con-inner\">\n\t\t\t\t<div class=\"elementor-element elementor-element-35970c03 elementor-widget elementor-widget-image\" data-id=\"35970c03\" data-element_type=\"widget\" data-settings=\"{&quot;ekit_we_effect_on&quot;:&quot;none&quot;}\" data-widget_type=\"image.default\">\n\t\t\t\t<div class=\"elementor-widget-container\">\n\t\t\t\t\t\t\t\t\t\t\t\t\t\t\t<img fetchpriority=\"high\" decoding=\"async\" width=\"970\" height=\"300\" src=\"https:\/\/onlinemerch.shop\/wp-content\/uploads\/2026\/04\/fbfcb819-314d-468a-b9f9-0add682e93e6.__CR00970300_PT0_SX970_V1___.png\" class=\"attachment-full size-full wp-image-2501 wvs-archive-product-image\" alt=\"\" srcset=\"https:\/\/onlinemerch.shop\/wp-content\/uploads\/2026\/04\/fbfcb819-314d-468a-b9f9-0add682e93e6.__CR00970300_PT0_SX970_V1___.png 970w, https:\/\/onlinemerch.shop\/wp-content\/uploads\/2026\/04\/fbfcb819-314d-468a-b9f9-0add682e93e6.__CR00970300_PT0_SX970_V1___-300x93.png 300w, https:\/\/onlinemerch.shop\/wp-content\/uploads\/2026\/04\/fbfcb819-314d-468a-b9f9-0add682e93e6.__CR00970300_PT0_SX970_V1___-768x238.png 768w, https:\/\/onlinemerch.shop\/wp-content\/uploads\/2026\/04\/fbfcb819-314d-468a-b9f9-0add682e93e6.__CR00970300_PT0_SX970_V1___-18x6.png 18w, https:\/\/onlinemerch.shop\/wp-content\/uploads\/2026\/04\/fbfcb819-314d-468a-b9f9-0add682e93e6.__CR00970300_PT0_SX970_V1___-600x186.png 600w\" sizes=\"(max-width: 970px) 100vw, 970px\" \/>\t\t\t\t\t\t\t\t\t\t\t\t\t\t\t<\/div>\n\t\t\t\t<\/div>\n\t\t\t\t<div class=\"elementor-element elementor-element-59ed4235 elementor-widget elementor-widget-image\" data-id=\"59ed4235\" data-element_type=\"widget\" data-settings=\"{&quot;ekit_we_effect_on&quot;:&quot;none&quot;}\" data-widget_type=\"image.default\">\n\t\t\t\t<div class=\"elementor-widget-container\">\n\t\t\t\t\t\t\t\t\t\t\t\t\t\t\t<img decoding=\"async\" width=\"970\" height=\"300\" src=\"https:\/\/onlinemerch.shop\/wp-content\/uploads\/2026\/04\/411cf25b-7fd5-4631-a0d6-7e96cb79c631.__CR00970300_PT0_SX970_V1___.png\" class=\"attachment-full size-full wp-image-2502 wvs-archive-product-image\" alt=\"\" srcset=\"https:\/\/onlinemerch.shop\/wp-content\/uploads\/2026\/04\/411cf25b-7fd5-4631-a0d6-7e96cb79c631.__CR00970300_PT0_SX970_V1___.png 970w, https:\/\/onlinemerch.shop\/wp-content\/uploads\/2026\/04\/411cf25b-7fd5-4631-a0d6-7e96cb79c631.__CR00970300_PT0_SX970_V1___-300x93.png 300w, https:\/\/onlinemerch.shop\/wp-content\/uploads\/2026\/04\/411cf25b-7fd5-4631-a0d6-7e96cb79c631.__CR00970300_PT0_SX970_V1___-768x238.png 768w, https:\/\/onlinemerch.shop\/wp-content\/uploads\/2026\/04\/411cf25b-7fd5-4631-a0d6-7e96cb79c631.__CR00970300_PT0_SX970_V1___-18x6.png 18w, https:\/\/onlinemerch.shop\/wp-content\/uploads\/2026\/04\/411cf25b-7fd5-4631-a0d6-7e96cb79c631.__CR00970300_PT0_SX970_V1___-600x186.png 600w\" sizes=\"(max-width: 970px) 100vw, 970px\" \/>\t\t\t\t\t\t\t\t\t\t\t\t\t\t\t<\/div>\n\t\t\t\t<\/div>\n\t\t<div class=\"elementor-element elementor-element-6deec1ab e-grid e-con-full e-con e-child\" data-id=\"6deec1ab\" data-element_type=\"container\" data-settings=\"{&quot;ekit_has_onepagescroll_dot&quot;:&quot;yes&quot;}\">\n\t\t\t\t<div class=\"elementor-element elementor-element-20dfefce elementor-position-top elementor-widget elementor-widget-image-box\" data-id=\"20dfefce\" data-element_type=\"widget\" data-settings=\"{&quot;ekit_we_effect_on&quot;:&quot;none&quot;}\" data-widget_type=\"image-box.default\">\n\t\t\t\t<div class=\"elementor-widget-container\">\n\t\t\t\t\t<div class=\"elementor-image-box-wrapper\"><figure class=\"elementor-image-box-img\"><img decoding=\"async\" width=\"300\" height=\"300\" src=\"https:\/\/onlinemerch.shop\/wp-content\/uploads\/2026\/04\/f2ee24a5-3e44-4d52-80bc-22442cc750fa.__CR00300300_PT0_SX300_V1___.png\" class=\"attachment-full size-full wp-image-2503 wvs-archive-product-image\" alt=\"\" srcset=\"https:\/\/onlinemerch.shop\/wp-content\/uploads\/2026\/04\/f2ee24a5-3e44-4d52-80bc-22442cc750fa.__CR00300300_PT0_SX300_V1___.png 300w, https:\/\/onlinemerch.shop\/wp-content\/uploads\/2026\/04\/f2ee24a5-3e44-4d52-80bc-22442cc750fa.__CR00300300_PT0_SX300_V1___-150x150.png 150w, https:\/\/onlinemerch.shop\/wp-content\/uploads\/2026\/04\/f2ee24a5-3e44-4d52-80bc-22442cc750fa.__CR00300300_PT0_SX300_V1___-12x12.png 12w, https:\/\/onlinemerch.shop\/wp-content\/uploads\/2026\/04\/f2ee24a5-3e44-4d52-80bc-22442cc750fa.__CR00300300_PT0_SX300_V1___-100x100.png 100w, https:\/\/onlinemerch.shop\/wp-content\/uploads\/2026\/04\/f2ee24a5-3e44-4d52-80bc-22442cc750fa.__CR00300300_PT0_SX300_V1___-50x50.png 50w\" sizes=\"(max-width: 300px) 100vw, 300px\" \/><\/figure><div class=\"elementor-image-box-content\"><h3 class=\"elementor-image-box-title\">Luz LED de emergencia vers\u00e1til<\/h3><p class=\"elementor-image-box-description\">Equipado con una linterna LED integrada, este arrancador cuenta con cuatro modos: Linterna, Estrobosc\u00f3pico, SOS y Aviso.\nSe trata de un accesorio esencial para emergencias en el autom\u00f3vil, que le garantiza que estar\u00e1 preparado tanto si se queda tirado por la noche como si solicita ayuda.\nLas opciones de iluminaci\u00f3n multifuncional mejoran la visibilidad y la seguridad en situaciones cr\u00edticas.<\/p><\/div><\/div>\t\t\t\t<\/div>\n\t\t\t\t<\/div>\n\t\t\t\t<div class=\"elementor-element elementor-element-8c2fb03 elementor-position-top elementor-widget elementor-widget-image-box\" data-id=\"8c2fb03\" data-element_type=\"widget\" data-settings=\"{&quot;ekit_we_effect_on&quot;:&quot;none&quot;}\" data-widget_type=\"image-box.default\">\n\t\t\t\t<div class=\"elementor-widget-container\">\n\t\t\t\t\t<div class=\"elementor-image-box-wrapper\"><figure class=\"elementor-image-box-img\"><img loading=\"lazy\" decoding=\"async\" width=\"300\" height=\"300\" src=\"https:\/\/onlinemerch.shop\/wp-content\/uploads\/2026\/04\/041071df-3274-4eb9-b630-d6916775e789.__CR00300300_PT0_SX300_V1___.png\" class=\"attachment-full size-full wp-image-2504 wvs-archive-product-image\" alt=\"\" srcset=\"https:\/\/onlinemerch.shop\/wp-content\/uploads\/2026\/04\/041071df-3274-4eb9-b630-d6916775e789.__CR00300300_PT0_SX300_V1___.png 300w, https:\/\/onlinemerch.shop\/wp-content\/uploads\/2026\/04\/041071df-3274-4eb9-b630-d6916775e789.__CR00300300_PT0_SX300_V1___-150x150.png 150w, https:\/\/onlinemerch.shop\/wp-content\/uploads\/2026\/04\/041071df-3274-4eb9-b630-d6916775e789.__CR00300300_PT0_SX300_V1___-12x12.png 12w, https:\/\/onlinemerch.shop\/wp-content\/uploads\/2026\/04\/041071df-3274-4eb9-b630-d6916775e789.__CR00300300_PT0_SX300_V1___-100x100.png 100w, https:\/\/onlinemerch.shop\/wp-content\/uploads\/2026\/04\/041071df-3274-4eb9-b630-d6916775e789.__CR00300300_PT0_SX300_V1___-50x50.png 50w\" sizes=\"(max-width: 300px) 100vw, 300px\" \/><\/figure><div class=\"elementor-image-box-content\"><h3 class=\"elementor-image-box-title\">Arrancador de bater\u00edas de coche de alto rendimiento<\/h3><p class=\"elementor-image-box-description\">Un pico de corriente de 3000A permite al arrancador de 3000A arrancar veh\u00edculos de 12V con motores de hasta 7.0L Gas y 5.5L Diesel.\nPerfecto para coches, camiones, motocicletas, barcos y veh\u00edculos recreativos, que proporciona un rendimiento fiable en temperaturas extremas.<\/p><\/div><\/div>\t\t\t\t<\/div>\n\t\t\t\t<\/div>\n\t\t\t\t<div class=\"elementor-element elementor-element-1272ab3 elementor-position-top elementor-widget elementor-widget-image-box\" data-id=\"1272ab3\" data-element_type=\"widget\" data-settings=\"{&quot;ekit_we_effect_on&quot;:&quot;none&quot;}\" data-widget_type=\"image-box.default\">\n\t\t\t\t<div class=\"elementor-widget-container\">\n\t\t\t\t\t<div class=\"elementor-image-box-wrapper\"><figure class=\"elementor-image-box-img\"><img loading=\"lazy\" decoding=\"async\" width=\"1500\" height=\"1500\" src=\"https:\/\/onlinemerch.shop\/wp-content\/uploads\/2026\/04\/71-GPhPwFaL._AC_SL1500_-1.jpg\" class=\"attachment-full size-full wp-image-2505 wvs-archive-product-image\" alt=\"\" srcset=\"https:\/\/onlinemerch.shop\/wp-content\/uploads\/2026\/04\/71-GPhPwFaL._AC_SL1500_-1.jpg 1500w, https:\/\/onlinemerch.shop\/wp-content\/uploads\/2026\/04\/71-GPhPwFaL._AC_SL1500_-1-300x300.jpg 300w, https:\/\/onlinemerch.shop\/wp-content\/uploads\/2026\/04\/71-GPhPwFaL._AC_SL1500_-1-1024x1024.jpg 1024w, https:\/\/onlinemerch.shop\/wp-content\/uploads\/2026\/04\/71-GPhPwFaL._AC_SL1500_-1-150x150.jpg 150w, https:\/\/onlinemerch.shop\/wp-content\/uploads\/2026\/04\/71-GPhPwFaL._AC_SL1500_-1-768x768.jpg 768w, https:\/\/onlinemerch.shop\/wp-content\/uploads\/2026\/04\/71-GPhPwFaL._AC_SL1500_-1-12x12.jpg 12w, https:\/\/onlinemerch.shop\/wp-content\/uploads\/2026\/04\/71-GPhPwFaL._AC_SL1500_-1-600x600.jpg 600w, https:\/\/onlinemerch.shop\/wp-content\/uploads\/2026\/04\/71-GPhPwFaL._AC_SL1500_-1-100x100.jpg 100w, https:\/\/onlinemerch.shop\/wp-content\/uploads\/2026\/04\/71-GPhPwFaL._AC_SL1500_-1-50x50.jpg 50w\" sizes=\"(max-width: 1500px) 100vw, 1500px\" \/><\/figure><div class=\"elementor-image-box-content\"><h3 class=\"elementor-image-box-title\">Potente bater\u00eda port\u00e1til<\/h3><p class=\"elementor-image-box-description\">Funciona como un banco de alimentaci\u00f3n vers\u00e1til con entrada Type-C de 18 W y m\u00faltiples salidas USB (5 V 2,4 A, carga r\u00e1pida de 5 V\/9 V\/12 V) para mantener tus dispositivos cargados r\u00e1pidamente.\nEste vers\u00e1til dispositivo no solo sirve como arrancador de bater\u00eda port\u00e1til, sino que tambi\u00e9n cuenta con dos salidas USB, incluido un puerto Quick Charge 3.0 para cargar r\u00e1pidamente tus dispositivos m\u00f3viles.<\/p><\/div><\/div>\t\t\t\t<\/div>\n\t\t\t\t<\/div>\n\t\t\t\t<\/div>\n\t\t\t\t\t<\/div>\n\t\t\t\t<\/div>\n\t\t<div class=\"elementor-element elementor-element-384d7b90 e-flex e-con-boxed e-con e-parent\" data-id=\"384d7b90\" data-element_type=\"container\" data-settings=\"{&quot;ekit_has_onepagescroll_dot&quot;:&quot;yes&quot;}\">\n\t\t\t\t\t<div class=\"e-con-inner\">\n\t\t\t\t<div class=\"elementor-element elementor-element-5e052aba elementor-widget elementor-widget-image\" data-id=\"5e052aba\" data-element_type=\"widget\" data-settings=\"{&quot;ekit_we_effect_on&quot;:&quot;none&quot;}\" data-widget_type=\"image.default\">\n\t\t\t\t<div class=\"elementor-widget-container\">\n\t\t\t\t\t\t\t\t\t\t\t\t\t\t\t<img loading=\"lazy\" decoding=\"async\" width=\"970\" height=\"600\" src=\"https:\/\/onlinemerch.shop\/wp-content\/uploads\/2026\/04\/3b5cde6e-fbf0-4262-9df9-2d939a49623e.__CR00970600_PT0_SX970_V1___.png\" class=\"attachment-full size-full wp-image-2506 wvs-archive-product-image\" alt=\"\" srcset=\"https:\/\/onlinemerch.shop\/wp-content\/uploads\/2026\/04\/3b5cde6e-fbf0-4262-9df9-2d939a49623e.__CR00970600_PT0_SX970_V1___.png 970w, https:\/\/onlinemerch.shop\/wp-content\/uploads\/2026\/04\/3b5cde6e-fbf0-4262-9df9-2d939a49623e.__CR00970600_PT0_SX970_V1___-300x186.png 300w, https:\/\/onlinemerch.shop\/wp-content\/uploads\/2026\/04\/3b5cde6e-fbf0-4262-9df9-2d939a49623e.__CR00970600_PT0_SX970_V1___-768x475.png 768w, https:\/\/onlinemerch.shop\/wp-content\/uploads\/2026\/04\/3b5cde6e-fbf0-4262-9df9-2d939a49623e.__CR00970600_PT0_SX970_V1___-18x12.png 18w, https:\/\/onlinemerch.shop\/wp-content\/uploads\/2026\/04\/3b5cde6e-fbf0-4262-9df9-2d939a49623e.__CR00970600_PT0_SX970_V1___-600x371.png 600w\" sizes=\"(max-width: 970px) 100vw, 970px\" \/>\t\t\t\t\t\t\t\t\t\t\t\t\t\t\t<\/div>\n\t\t\t\t<\/div>\n\t\t\t\t<div class=\"elementor-element elementor-element-37f25149 elementor-widget elementor-widget-image\" data-id=\"37f25149\" data-element_type=\"widget\" data-settings=\"{&quot;ekit_we_effect_on&quot;:&quot;none&quot;}\" data-widget_type=\"image.default\">\n\t\t\t\t<div class=\"elementor-widget-container\">\n\t\t\t\t\t\t\t\t\t\t\t\t\t\t\t<img loading=\"lazy\" decoding=\"async\" width=\"970\" height=\"600\" src=\"https:\/\/onlinemerch.shop\/wp-content\/uploads\/2026\/04\/d2a527e5-c6f2-4967-99cb-4dc26f70c796.__CR00970600_PT0_SX970_V1___-2.png\" class=\"attachment-full size-full wp-image-2507 wvs-archive-product-image\" alt=\"\" srcset=\"https:\/\/onlinemerch.shop\/wp-content\/uploads\/2026\/04\/d2a527e5-c6f2-4967-99cb-4dc26f70c796.__CR00970600_PT0_SX970_V1___-2.png 970w, https:\/\/onlinemerch.shop\/wp-content\/uploads\/2026\/04\/d2a527e5-c6f2-4967-99cb-4dc26f70c796.__CR00970600_PT0_SX970_V1___-2-300x186.png 300w, https:\/\/onlinemerch.shop\/wp-content\/uploads\/2026\/04\/d2a527e5-c6f2-4967-99cb-4dc26f70c796.__CR00970600_PT0_SX970_V1___-2-768x475.png 768w, https:\/\/onlinemerch.shop\/wp-content\/uploads\/2026\/04\/d2a527e5-c6f2-4967-99cb-4dc26f70c796.__CR00970600_PT0_SX970_V1___-2-18x12.png 18w, https:\/\/onlinemerch.shop\/wp-content\/uploads\/2026\/04\/d2a527e5-c6f2-4967-99cb-4dc26f70c796.__CR00970600_PT0_SX970_V1___-2-600x371.png 600w\" sizes=\"(max-width: 970px) 100vw, 970px\" \/>\t\t\t\t\t\t\t\t\t\t\t\t\t\t\t<\/div>\n\t\t\t\t<\/div>\n\t\t\t\t<div class=\"elementor-element elementor-element-7d9e42d7 elementor-widget elementor-widget-image\" data-id=\"7d9e42d7\" data-element_type=\"widget\" data-settings=\"{&quot;ekit_we_effect_on&quot;:&quot;none&quot;}\" data-widget_type=\"image.default\">\n\t\t\t\t<div class=\"elementor-widget-container\">\n\t\t\t\t\t\t\t\t\t\t\t\t\t\t\t<img loading=\"lazy\" decoding=\"async\" width=\"970\" height=\"300\" src=\"https:\/\/onlinemerch.shop\/wp-content\/uploads\/2026\/04\/bb5b3e60-3cd3-4db5-8c10-26f7c2a839cc.__CR00970300_PT0_SX970_V1___.png\" class=\"attachment-full size-full wp-image-2508 wvs-archive-product-image\" alt=\"\" srcset=\"https:\/\/onlinemerch.shop\/wp-content\/uploads\/2026\/04\/bb5b3e60-3cd3-4db5-8c10-26f7c2a839cc.__CR00970300_PT0_SX970_V1___.png 970w, https:\/\/onlinemerch.shop\/wp-content\/uploads\/2026\/04\/bb5b3e60-3cd3-4db5-8c10-26f7c2a839cc.__CR00970300_PT0_SX970_V1___-300x93.png 300w, https:\/\/onlinemerch.shop\/wp-content\/uploads\/2026\/04\/bb5b3e60-3cd3-4db5-8c10-26f7c2a839cc.__CR00970300_PT0_SX970_V1___-768x238.png 768w, https:\/\/onlinemerch.shop\/wp-content\/uploads\/2026\/04\/bb5b3e60-3cd3-4db5-8c10-26f7c2a839cc.__CR00970300_PT0_SX970_V1___-18x6.png 18w, https:\/\/onlinemerch.shop\/wp-content\/uploads\/2026\/04\/bb5b3e60-3cd3-4db5-8c10-26f7c2a839cc.__CR00970300_PT0_SX970_V1___-600x186.png 600w\" sizes=\"(max-width: 970px) 100vw, 970px\" \/>\t\t\t\t\t\t\t\t\t\t\t\t\t\t\t<\/div>\n\t\t\t\t<\/div>\n\t\t\t\t\t<\/div>\n\t\t\t\t<\/div>\n\t\t\t\t<\/div>","protected":false},"excerpt":{"rendered":"<p>https:\/\/onlinemerch.shop\/wp-content\/uploads\/2026\/04\/video_2026-04-04_10-22-52.mp4 Detalles del Producto Marca BSMOOM Voltaje 12V Corriente Pico 6000A Funci\u00f3n Arrancador de Salto de Coche Caracter\u00edstica Extra Banco de Energ\u00eda Luz LED Pantalla LCD Uso Auto Booster de Bater\u00eda Luz LED de Emergencia Vers\u00e1til Equipado con una linterna LED incorporada, este arrancador de salto cuenta con cuatro modos: Linterna, Estrobosc\u00f3pico, SOS y Advertencia. Un accesorio de coche esencial para emergencias, [...]<\/p>","protected":false},"featured_media":2491,"comment_status":"open","ping_status":"closed","template":"","meta":{"_acf_changed":false},"product_brand":[],"product_cat":[35],"product_tag":[],"class_list":{"0":"post-2490","1":"product","2":"type-product","3":"status-publish","4":"has-post-thumbnail","6":"product_cat-sale","8":"first","9":"instock","10":"sale","11":"shipping-taxable","12":"purchasable","13":"product-type-simple"},"acf":[],"_links":{"self":[{"href":"https:\/\/onlinemerch.shop\/es\/wp-json\/wp\/v2\/product\/2490","targetHints":{"allow":["GET"]}}],"collection":[{"href":"https:\/\/onlinemerch.shop\/es\/wp-json\/wp\/v2\/product"}],"about":[{"href":"https:\/\/onlinemerch.shop\/es\/wp-json\/wp\/v2\/types\/product"}],"replies":[{"embeddable":true,"href":"https:\/\/onlinemerch.shop\/es\/wp-json\/wp\/v2\/comments?post=2490"}],"version-history":[{"count":4,"href":"https:\/\/onlinemerch.shop\/es\/wp-json\/wp\/v2\/product\/2490\/revisions"}],"predecessor-version":[{"id":2516,"href":"https:\/\/onlinemerch.shop\/es\/wp-json\/wp\/v2\/product\/2490\/revisions\/2516"}],"wp:featuredmedia":[{"embeddable":true,"href":"https:\/\/onlinemerch.shop\/es\/wp-json\/wp\/v2\/media\/2491"}],"wp:attachment":[{"href":"https:\/\/onlinemerch.shop\/es\/wp-json\/wp\/v2\/media?parent=2490"}],"wp:term":[{"taxonomy":"product_brand","embeddable":true,"href":"https:\/\/onlinemerch.shop\/es\/wp-json\/wp\/v2\/product_brand?post=2490"},{"taxonomy":"product_cat","embeddable":true,"href":"https:\/\/onlinemerch.shop\/es\/wp-json\/wp\/v2\/product_cat?post=2490"},{"taxonomy":"product_tag","embeddable":true,"href":"https:\/\/onlinemerch.shop\/es\/wp-json\/wp\/v2\/product_tag?post=2490"}],"curies":[{"name":"wp","href":"https:\/\/api.w.org\/{rel}","templated":true}]}}